{"id":28,"date":"2019-03-06T21:34:31","date_gmt":"2019-03-06T20:34:31","guid":{"rendered":"http:\/\/test.twojdom-zary.pl\/?page_id=28"},"modified":"2019-03-08T10:19:58","modified_gmt":"2019-03-08T09:19:58","slug":"o-nas","status":"publish","type":"page","link":"https:\/\/twojdom-zary.pl\/index.php\/o-nas\/","title":{"rendered":"O nas"},"content":{"rendered":"\t\t<div data-elementor-type=\"wp-post\" data-elementor-id=\"28\" class=\"elementor elementor-28 elementor-bc-flex-widget\">\n\t\t\t\t\t\t<div class=\"elementor-inner\">\n\t\t\t\t<div class=\"elementor-section-wrap\">\n\t\t\t\t\t\t\t\t\t<section class=\"elementor-section elementor-top-section elementor-element elementor-element-dcddcec elementor-section-boxed elementor-section-height-default elementor-section-height-default\" data-id=\"dcddcec\" data-element_type=\"section\">\n\t\t\t\t\t\t<div class=\"elementor-container elementor-column-gap-default\">\n\t\t\t\t\t\t\t<div class=\"elementor-row\">\n\t\t\t\t\t<div class=\"elementor-column elementor-col-100 elementor-top-column elementor-element elementor-element-a8a29e7\" data-id=\"a8a29e7\" data-element_type=\"column\">\n\t\t\t<div class=\"elementor-column-wrap elementor-element-populated\">\n\t\t\t\t\t\t\t<div class=\"elementor-widget-wrap\">\n\t\t\t\t\t\t<div class=\"elementor-element elementor-element-f5f7750 elementor-widget elementor-widget-image\" data-id=\"f5f7750\" data-element_type=\"widget\" data-widget_type=\"image.default\">\n\t\t\t\t<div class=\"elementor-widget-container\">\n\t\t\t\t\t\t\t\t<div class=\"elementor-image\">\n\t\t\t\t\t\t\t\t\t\t\t\t<img loading=\"lazy\" decoding=\"async\" width=\"1920\" height=\"316\" src=\"https:\/\/twojdom-zary.pl\/wp-content\/uploads\/2019\/03\/biuro.jpg\" class=\"attachment-full size-full\" alt=\"\" srcset=\"https:\/\/twojdom-zary.pl\/wp-content\/uploads\/2019\/03\/biuro.jpg 1920w, https:\/\/twojdom-zary.pl\/wp-content\/uploads\/2019\/03\/biuro-300x49.jpg 300w, https:\/\/twojdom-zary.pl\/wp-content\/uploads\/2019\/03\/biuro-768x126.jpg 768w, https:\/\/twojdom-zary.pl\/wp-content\/uploads\/2019\/03\/biuro-1024x169.jpg 1024w\" sizes=\"auto, (max-width: 1920px) 100vw, 1920px\" \/>\t\t\t\t\t\t\t\t\t\t\t\t\t\t<\/div>\n\t\t\t\t\t\t<\/div>\n\t\t\t\t<\/div>\n\t\t\t\t\t\t<\/div>\n\t\t\t\t\t<\/div>\n\t\t<\/div>\n\t\t\t\t\t\t\t\t<\/div>\n\t\t\t\t\t<\/div>\n\t\t<\/section>\n\t\t\t\t<section class=\"elementor-section elementor-top-section elementor-element elementor-element-9f738b0 elementor-section-boxed elementor-section-height-default elementor-section-height-default\" data-id=\"9f738b0\" data-element_type=\"section\">\n\t\t\t\t\t\t<div class=\"elementor-container elementor-column-gap-default\">\n\t\t\t\t\t\t\t<div class=\"elementor-row\">\n\t\t\t\t\t<div class=\"elementor-column elementor-col-100 elementor-top-column elementor-element elementor-element-f9810f3\" data-id=\"f9810f3\" data-element_type=\"column\">\n\t\t\t<div class=\"elementor-column-wrap elementor-element-populated\">\n\t\t\t\t\t\t\t<div class=\"elementor-widget-wrap\">\n\t\t\t\t\t\t<div class=\"elementor-element elementor-element-611dd00 elementor-widget elementor-widget-text-editor\" data-id=\"611dd00\" data-element_type=\"widget\" data-widget_type=\"text-editor.default\">\n\t\t\t\t<div class=\"elementor-widget-container\">\n\t\t\t\t\t\t\t\t<div class=\"elementor-text-editor elementor-clearfix\">\n\t\t\t\t<p>F U-D &#8220;TW\u00d3J DOM&#8221; Sp. z o.o. to nowa, dynamiczna firma zajmuj\u0105ca si\u0119 profesjonalnym zarz\u0105dzaniem i administrowaniem nieruchomo\u015bciami mieszkaniowymi. Specjalizujemy si\u0119 w obs\u0142udze wsp\u00f3lnot mieszkaniowych m.in. w zakresie ich organizacji oraz zarz\u0105dzaniu nieruchomo\u015bciami wsp\u00f3lnymi.<\/p><p>Oferujemy obs\u0142ug\u0119 administracyjno-techniczn\u0105, ca\u0142odobowe pogotowie techniczne oraz us\u0142ugi finansowo-ksi\u0119gowe. Ponadto ka\u017cdej wsp\u00f3lnocie mieszkaniowej zapewniamy w ramach w\u0142asnego wynagrodzenia obs\u0142ug\u0119 prawn\u0105, windykacyjn\u0105 oraz doradztwo kredytowe.<\/p><p>Naszym fundamentem jest odpowiednio przygotowany zesp\u00f3\u0142, sk\u0142adaj\u0105cy si\u0119 z do\u015bwiadczonych administrator\u00f3w, ksi\u0119gowych oraz technik\u00f3w. Jego zadaniem jest realizacja Pa\u0144stwa potrzeb, przede wszystkim zapewnienie poczucia bezpiecze\u0144stwa oraz osi\u0105gni\u0119cie satysfakcjonuj\u0105cego poziomu koszt\u00f3w utrzymania nieruchomo\u015bci.<\/p><p>Jeste\u015bmy przekonani, \u017ce \u015bwiadcz\u0105c kompleksowe us\u0142ugi w zakresie zarz\u0105dzania i\/lub administrowania oraz utrzymania technicznego nieruchomo\u015bci, mo\u017cemy przej\u0105\u0107 odpowiedzialno\u015b\u0107 za ca\u0142y budynek i zagwarantowa\u0107 jego sprawne funkcjonowanie. Ka\u017cd\u0105 zarz\u0105dzan\u0105 nieruchomo\u015b\u0107 traktujemy bardzo indywidualnie i podmiotowo, w maksymalnym stopniu dopasowuj\u0105c swoj\u0105 ofert\u0119 do oczekiwa\u0144 w\u0142a\u015bcicieli lokali.<\/p><p>Zawsze d\u0105\u017cymy do sta\u0142ego podwy\u017cszania standard\u00f3w naszego dzia\u0142ania, zapewniaj\u0105c zarz\u0105dzanym nieruchomo\u015bciom optymalny stan techniczny i estetyczny, za\u015b ich w\u0142a\u015bcicielom redukcj\u0119 ponoszonych koszt\u00f3w.<\/p><p>W dzia\u0142alno\u015bci swojej kierujemy si\u0119 przede wszystkim trosk\u0105 o wysok\u0105 jako\u015b\u0107 \u015bwiadczonych us\u0142ug oraz o minimalizowanie koszt\u00f3w eksploatacyjnych na zarz\u0105dzanych nieruchomo\u015bciach. Zarz\u0105dzanie nieruchomo\u015bciami wymaga wiedzy, do\u015bwiadczenia i pe\u0142nego zaanga\u017cowania, powierz t\u0105 rol\u0119 profesjonalnemu zarz\u0105dcy nieruchomo\u015bci-Firmie Us\u0142ugowo-Doradczej &#8220;TW\u00d3J DOM&#8221; Sp. z o.o.<\/p><p>W sk\u0142ad Zarz\u0105du Sp\u00f3\u0142ki &#8220;TW\u00d3J DOM&#8221; wchodz\u0105:<\/p><p>Licencjonowany Zarz\u0105dca Nieruchomo\u015bci Sabina Litwinowicz- nr licencji 11206<br \/><b>PREZES<\/b><\/p><p>in\u017c. Beata Kuczy\u0144ska-Dyplom Zachodniej Wy\u017cszej Szko\u0142y Handlu i Finans\u00f3w Mi\u0119dzynarodowych w zakresie zarz\u0105dzania nieruchomo\u015bciami <br \/><b>Z-ca PREZESA<\/b><\/p><p>Licencjonowany Zarz\u0105dca Nieruchomo\u015bci Piotr Pisarski-nr licencji 22599<br \/><b>Z-ca PREZESA<\/b><\/p><p>Licencjonowany Zarz\u0105dca Nieruchomo\u015bci Krzysztof Sta\u015bkiewicz-nr licencji 22665<br \/><b>Z-ca PREZESA<\/b><\/p>\t\t\t\t\t<\/div>\n\t\t\t\t\t\t<\/div>\n\t\t\t\t<\/div>\n\t\t\t\t\t\t<\/div>\n\t\t\t\t\t<\/div>\n\t\t<\/div>\n\t\t\t\t\t\t\t\t<\/div>\n\t\t\t\t\t<\/div>\n\t\t<\/section>\n\t\t\t\t<section class=\"elementor-section elementor-top-section elementor-element elementor-element-044d525 elementor-section-boxed elementor-section-height-default elementor-section-height-default\" data-id=\"044d525\" data-element_type=\"section\">\n\t\t\t\t\t\t<div class=\"elementor-container elementor-column-gap-default\">\n\t\t\t\t\t\t\t<div class=\"elementor-row\">\n\t\t\t\t\t<div class=\"elementor-column elementor-col-100 elementor-top-column elementor-element elementor-element-fcf84c0\" data-id=\"fcf84c0\" data-element_type=\"column\">\n\t\t\t<div class=\"elementor-column-wrap elementor-element-populated\">\n\t\t\t\t\t\t\t<div class=\"elementor-widget-wrap\">\n\t\t\t\t\t\t<div class=\"elementor-element elementor-element-e2174b3 elementor-widget elementor-widget-text-editor\" data-id=\"e2174b3\" data-element_type=\"widget\" data-widget_type=\"text-editor.default\">\n\t\t\t\t<div class=\"elementor-widget-container\">\n\t\t\t\t\t\t\t\t<div class=\"elementor-text-editor elementor-clearfix\">\n\t\t\t\t<h3>Wybrane nieruchomo\u015bci kt\u00f3rymi zarz\u0105dzamy<\/h3>\t\t\t\t\t<\/div>\n\t\t\t\t\t\t<\/div>\n\t\t\t\t<\/div>\n\t\t\t\t\t\t<\/div>\n\t\t\t\t\t<\/div>\n\t\t<\/div>\n\t\t\t\t\t\t\t\t<\/div>\n\t\t\t\t\t<\/div>\n\t\t<\/section>\n\t\t\t\t<section class=\"elementor-section elementor-top-section elementor-element elementor-element-f6f01c1 elementor-section-boxed elementor-section-height-default elementor-section-height-default\" data-id=\"f6f01c1\" data-element_type=\"section\">\n\t\t\t\t\t\t<div class=\"elementor-container elementor-column-gap-default\">\n\t\t\t\t\t\t\t<div class=\"elementor-row\">\n\t\t\t\t\t<div class=\"elementor-column elementor-col-100 elementor-top-column elementor-element elementor-element-54bee53\" data-id=\"54bee53\" data-element_type=\"column\">\n\t\t\t<div class=\"elementor-column-wrap elementor-element-populated\">\n\t\t\t\t\t\t\t<div class=\"elementor-widget-wrap\">\n\t\t\t\t\t\t<div class=\"elementor-element elementor-element-4c76c7d elementor-widget elementor-widget-image-gallery\" data-id=\"4c76c7d\" data-element_type=\"widget\" data-widget_type=\"image-gallery.default\">\n\t\t\t\t<div class=\"elementor-widget-container\">\n\t\t\t\t\t<div class=\"elementor-image-gallery\">\n\t\t\t<div id='gallery-1' class='gallery galleryid-28 gallery-columns-10 gallery-size-thumbnail'><figure class='gallery-item'>\n\t\t\t<div class='gallery-icon landscape'>\n\t\t\t\t<a data-elementor-open-lightbox=\"yes\" data-elementor-lightbox-slideshow=\"4c76c7d\" data-elementor-lightbox-title=\"27\" e-action-hash=\"#elementor-action%3Aaction%3Dlightbox%26settings%3DeyJpZCI6MTg0LCJ1cmwiOiJodHRwczpcL1wvdHdvamRvbS16YXJ5LnBsXC93cC1jb250ZW50XC91cGxvYWRzXC8yMDE5XC8wM1wvMjcuanBnIiwic2xpZGVzaG93IjoiNGM3NmM3ZCJ9\" href='https:\/\/twojdom-zary.pl\/wp-content\/uploads\/2019\/03\/27.jpg'><img loading=\"lazy\" decoding=\"async\" width=\"150\" height=\"150\" src=\"https:\/\/twojdom-zary.pl\/wp-content\/uploads\/2019\/03\/27-150x150.jpg\" class=\"attachment-thumbnail size-thumbnail\" alt=\"\" srcset=\"https:\/\/twojdom-zary.pl\/wp-content\/uploads\/2019\/03\/27-150x150.jpg 150w, https:\/\/twojdom-zary.pl\/wp-content\/uploads\/2019\/03\/27-300x300.jpg 300w\" sizes=\"auto, (max-width: 150px) 100vw, 150px\" \/><\/a>\n\t\t\t<\/div><\/figure><figure class='gallery-item'>\n\t\t\t<div class='gallery-icon landscape'>\n\t\t\t\t<a data-elementor-open-lightbox=\"yes\" data-elementor-lightbox-slideshow=\"4c76c7d\" data-elementor-lightbox-title=\"20160219_080124\" e-action-hash=\"#elementor-action%3Aaction%3Dlightbox%26settings%3DeyJpZCI6MTg1LCJ1cmwiOiJodHRwczpcL1wvdHdvamRvbS16YXJ5LnBsXC93cC1jb250ZW50XC91cGxvYWRzXC8yMDE5XC8wM1wvMjAxNjAyMTlfMDgwMTI0LmpwZyIsInNsaWRlc2hvdyI6IjRjNzZjN2QifQ%3D%3D\" href='https:\/\/twojdom-zary.pl\/wp-content\/uploads\/2019\/03\/20160219_080124.jpg'><img loading=\"lazy\" decoding=\"async\" width=\"150\" height=\"150\" src=\"https:\/\/twojdom-zary.pl\/wp-content\/uploads\/2019\/03\/20160219_080124-150x150.jpg\" class=\"attachment-thumbnail size-thumbnail\" alt=\"\" srcset=\"https:\/\/twojdom-zary.pl\/wp-content\/uploads\/2019\/03\/20160219_080124-150x150.jpg 150w, https:\/\/twojdom-zary.pl\/wp-content\/uploads\/2019\/03\/20160219_080124-300x300.jpg 300w\" sizes=\"auto, (max-width: 150px) 100vw, 150px\" \/><\/a>\n\t\t\t<\/div><\/figure><figure class='gallery-item'>\n\t\t\t<div class='gallery-icon landscape'>\n\t\t\t\t<a data-elementor-open-lightbox=\"yes\" data-elementor-lightbox-slideshow=\"4c76c7d\" data-elementor-lightbox-title=\"20160628_122114\" e-action-hash=\"#elementor-action%3Aaction%3Dlightbox%26settings%3DeyJpZCI6MTg2LCJ1cmwiOiJodHRwczpcL1wvdHdvamRvbS16YXJ5LnBsXC93cC1jb250ZW50XC91cGxvYWRzXC8yMDE5XC8wM1wvMjAxNjA2MjhfMTIyMTE0LmpwZyIsInNsaWRlc2hvdyI6IjRjNzZjN2QifQ%3D%3D\" href='https:\/\/twojdom-zary.pl\/wp-content\/uploads\/2019\/03\/20160628_122114.jpg'><img loading=\"lazy\" decoding=\"async\" width=\"150\" height=\"150\" src=\"https:\/\/twojdom-zary.pl\/wp-content\/uploads\/2019\/03\/20160628_122114-150x150.jpg\" class=\"attachment-thumbnail size-thumbnail\" alt=\"\" srcset=\"https:\/\/twojdom-zary.pl\/wp-content\/uploads\/2019\/03\/20160628_122114-150x150.jpg 150w, https:\/\/twojdom-zary.pl\/wp-content\/uploads\/2019\/03\/20160628_122114-300x300.jpg 300w\" sizes=\"auto, (max-width: 150px) 100vw, 150px\" \/><\/a>\n\t\t\t<\/div><\/figure><figure class='gallery-item'>\n\t\t\t<div class='gallery-icon landscape'>\n\t\t\t\t<a data-elementor-open-lightbox=\"yes\" data-elementor-lightbox-slideshow=\"4c76c7d\" data-elementor-lightbox-title=\"20170419_141251\" e-action-hash=\"#elementor-action%3Aaction%3Dlightbox%26settings%3DeyJpZCI6MTg3LCJ1cmwiOiJodHRwczpcL1wvdHdvamRvbS16YXJ5LnBsXC93cC1jb250ZW50XC91cGxvYWRzXC8yMDE5XC8wM1wvMjAxNzA0MTlfMTQxMjUxLmpwZyIsInNsaWRlc2hvdyI6IjRjNzZjN2QifQ%3D%3D\" href='https:\/\/twojdom-zary.pl\/wp-content\/uploads\/2019\/03\/20170419_141251.jpg'><img loading=\"lazy\" decoding=\"async\" width=\"150\" height=\"150\" src=\"https:\/\/twojdom-zary.pl\/wp-content\/uploads\/2019\/03\/20170419_141251-150x150.jpg\" class=\"attachment-thumbnail size-thumbnail\" alt=\"\" srcset=\"https:\/\/twojdom-zary.pl\/wp-content\/uploads\/2019\/03\/20170419_141251-150x150.jpg 150w, https:\/\/twojdom-zary.pl\/wp-content\/uploads\/2019\/03\/20170419_141251-300x300.jpg 300w\" sizes=\"auto, (max-width: 150px) 100vw, 150px\" \/><\/a>\n\t\t\t<\/div><\/figure><figure class='gallery-item'>\n\t\t\t<div class='gallery-icon landscape'>\n\t\t\t\t<a data-elementor-open-lightbox=\"yes\" data-elementor-lightbox-slideshow=\"4c76c7d\" data-elementor-lightbox-title=\"20170420_095827\" e-action-hash=\"#elementor-action%3Aaction%3Dlightbox%26settings%3DeyJpZCI6MTg4LCJ1cmwiOiJodHRwczpcL1wvdHdvamRvbS16YXJ5LnBsXC93cC1jb250ZW50XC91cGxvYWRzXC8yMDE5XC8wM1wvMjAxNzA0MjBfMDk1ODI3LmpwZyIsInNsaWRlc2hvdyI6IjRjNzZjN2QifQ%3D%3D\" href='https:\/\/twojdom-zary.pl\/wp-content\/uploads\/2019\/03\/20170420_095827.jpg'><img loading=\"lazy\" decoding=\"async\" width=\"150\" height=\"150\" src=\"https:\/\/twojdom-zary.pl\/wp-content\/uploads\/2019\/03\/20170420_095827-150x150.jpg\" class=\"attachment-thumbnail size-thumbnail\" alt=\"\" srcset=\"https:\/\/twojdom-zary.pl\/wp-content\/uploads\/2019\/03\/20170420_095827-150x150.jpg 150w, https:\/\/twojdom-zary.pl\/wp-content\/uploads\/2019\/03\/20170420_095827-300x300.jpg 300w\" sizes=\"auto, (max-width: 150px) 100vw, 150px\" \/><\/a>\n\t\t\t<\/div><\/figure><figure class='gallery-item'>\n\t\t\t<div class='gallery-icon landscape'>\n\t\t\t\t<a data-elementor-open-lightbox=\"yes\" data-elementor-lightbox-slideshow=\"4c76c7d\" data-elementor-lightbox-title=\"20170420_102529\" e-action-hash=\"#elementor-action%3Aaction%3Dlightbox%26settings%3DeyJpZCI6MTg5LCJ1cmwiOiJodHRwczpcL1wvdHdvamRvbS16YXJ5LnBsXC93cC1jb250ZW50XC91cGxvYWRzXC8yMDE5XC8wM1wvMjAxNzA0MjBfMTAyNTI5LmpwZyIsInNsaWRlc2hvdyI6IjRjNzZjN2QifQ%3D%3D\" href='https:\/\/twojdom-zary.pl\/wp-content\/uploads\/2019\/03\/20170420_102529.jpg'><img loading=\"lazy\" decoding=\"async\" width=\"150\" height=\"150\" src=\"https:\/\/twojdom-zary.pl\/wp-content\/uploads\/2019\/03\/20170420_102529-150x150.jpg\" class=\"attachment-thumbnail size-thumbnail\" alt=\"\" srcset=\"https:\/\/twojdom-zary.pl\/wp-content\/uploads\/2019\/03\/20170420_102529-150x150.jpg 150w, https:\/\/twojdom-zary.pl\/wp-content\/uploads\/2019\/03\/20170420_102529-300x300.jpg 300w\" sizes=\"auto, (max-width: 150px) 100vw, 150px\" \/><\/a>\n\t\t\t<\/div><\/figure><figure class='gallery-item'>\n\t\t\t<div class='gallery-icon landscape'>\n\t\t\t\t<a data-elementor-open-lightbox=\"yes\" data-elementor-lightbox-slideshow=\"4c76c7d\" data-elementor-lightbox-title=\"DSC06248\" e-action-hash=\"#elementor-action%3Aaction%3Dlightbox%26settings%3DeyJpZCI6MTkwLCJ1cmwiOiJodHRwczpcL1wvdHdvamRvbS16YXJ5LnBsXC93cC1jb250ZW50XC91cGxvYWRzXC8yMDE5XC8wM1wvRFNDMDYyNDguanBnIiwic2xpZGVzaG93IjoiNGM3NmM3ZCJ9\" href='https:\/\/twojdom-zary.pl\/wp-content\/uploads\/2019\/03\/DSC06248.jpg'><img loading=\"lazy\" decoding=\"async\" width=\"150\" height=\"150\" src=\"https:\/\/twojdom-zary.pl\/wp-content\/uploads\/2019\/03\/DSC06248-150x150.jpg\" class=\"attachment-thumbnail size-thumbnail\" alt=\"\" srcset=\"https:\/\/twojdom-zary.pl\/wp-content\/uploads\/2019\/03\/DSC06248-150x150.jpg 150w, https:\/\/twojdom-zary.pl\/wp-content\/uploads\/2019\/03\/DSC06248-300x300.jpg 300w\" sizes=\"auto, (max-width: 150px) 100vw, 150px\" \/><\/a>\n\t\t\t<\/div><\/figure><figure class='gallery-item'>\n\t\t\t<div class='gallery-icon landscape'>\n\t\t\t\t<a data-elementor-open-lightbox=\"yes\" data-elementor-lightbox-slideshow=\"4c76c7d\" data-elementor-lightbox-title=\"DSC06256\" e-action-hash=\"#elementor-action%3Aaction%3Dlightbox%26settings%3DeyJpZCI6MTkxLCJ1cmwiOiJodHRwczpcL1wvdHdvamRvbS16YXJ5LnBsXC93cC1jb250ZW50XC91cGxvYWRzXC8yMDE5XC8wM1wvRFNDMDYyNTYuanBnIiwic2xpZGVzaG93IjoiNGM3NmM3ZCJ9\" href='https:\/\/twojdom-zary.pl\/wp-content\/uploads\/2019\/03\/DSC06256.jpg'><img loading=\"lazy\" decoding=\"async\" width=\"150\" height=\"150\" src=\"https:\/\/twojdom-zary.pl\/wp-content\/uploads\/2019\/03\/DSC06256-150x150.jpg\" class=\"attachment-thumbnail size-thumbnail\" alt=\"\" srcset=\"https:\/\/twojdom-zary.pl\/wp-content\/uploads\/2019\/03\/DSC06256-150x150.jpg 150w, https:\/\/twojdom-zary.pl\/wp-content\/uploads\/2019\/03\/DSC06256-300x300.jpg 300w\" sizes=\"auto, (max-width: 150px) 100vw, 150px\" \/><\/a>\n\t\t\t<\/div><\/figure><figure class='gallery-item'>\n\t\t\t<div class='gallery-icon landscape'>\n\t\t\t\t<a data-elementor-open-lightbox=\"yes\" data-elementor-lightbox-slideshow=\"4c76c7d\" data-elementor-lightbox-title=\"DSC06260\" e-action-hash=\"#elementor-action%3Aaction%3Dlightbox%26settings%3DeyJpZCI6MTkyLCJ1cmwiOiJodHRwczpcL1wvdHdvamRvbS16YXJ5LnBsXC93cC1jb250ZW50XC91cGxvYWRzXC8yMDE5XC8wM1wvRFNDMDYyNjAuanBnIiwic2xpZGVzaG93IjoiNGM3NmM3ZCJ9\" href='https:\/\/twojdom-zary.pl\/wp-content\/uploads\/2019\/03\/DSC06260.jpg'><img loading=\"lazy\" decoding=\"async\" width=\"150\" height=\"150\" src=\"https:\/\/twojdom-zary.pl\/wp-content\/uploads\/2019\/03\/DSC06260-150x150.jpg\" class=\"attachment-thumbnail size-thumbnail\" alt=\"\" srcset=\"https:\/\/twojdom-zary.pl\/wp-content\/uploads\/2019\/03\/DSC06260-150x150.jpg 150w, https:\/\/twojdom-zary.pl\/wp-content\/uploads\/2019\/03\/DSC06260-300x300.jpg 300w\" sizes=\"auto, (max-width: 150px) 100vw, 150px\" \/><\/a>\n\t\t\t<\/div><\/figure><figure class='gallery-item'>\n\t\t\t<div class='gallery-icon landscape'>\n\t\t\t\t<a data-elementor-open-lightbox=\"yes\" data-elementor-lightbox-slideshow=\"4c76c7d\" data-elementor-lightbox-title=\"DSC06262\" e-action-hash=\"#elementor-action%3Aaction%3Dlightbox%26settings%3DeyJpZCI6MTkzLCJ1cmwiOiJodHRwczpcL1wvdHdvamRvbS16YXJ5LnBsXC93cC1jb250ZW50XC91cGxvYWRzXC8yMDE5XC8wM1wvRFNDMDYyNjIuanBnIiwic2xpZGVzaG93IjoiNGM3NmM3ZCJ9\" href='https:\/\/twojdom-zary.pl\/wp-content\/uploads\/2019\/03\/DSC06262.jpg'><img loading=\"lazy\" decoding=\"async\" width=\"150\" height=\"150\" src=\"https:\/\/twojdom-zary.pl\/wp-content\/uploads\/2019\/03\/DSC06262-150x150.jpg\" class=\"attachment-thumbnail size-thumbnail\" alt=\"\" srcset=\"https:\/\/twojdom-zary.pl\/wp-content\/uploads\/2019\/03\/DSC06262-150x150.jpg 150w, https:\/\/twojdom-zary.pl\/wp-content\/uploads\/2019\/03\/DSC06262-300x300.jpg 300w\" sizes=\"auto, (max-width: 150px) 100vw, 150px\" \/><\/a>\n\t\t\t<\/div><\/figure><figure class='gallery-item'>\n\t\t\t<div class='gallery-icon landscape'>\n\t\t\t\t<a data-elementor-open-lightbox=\"yes\" data-elementor-lightbox-slideshow=\"4c76c7d\" data-elementor-lightbox-title=\"Moniuszki 3-3a\" e-action-hash=\"#elementor-action%3Aaction%3Dlightbox%26settings%3DeyJpZCI6MTk0LCJ1cmwiOiJodHRwczpcL1wvdHdvamRvbS16YXJ5LnBsXC93cC1jb250ZW50XC91cGxvYWRzXC8yMDE5XC8wM1wvTW9uaXVzemtpLTMtM2EuanBnIiwic2xpZGVzaG93IjoiNGM3NmM3ZCJ9\" href='https:\/\/twojdom-zary.pl\/wp-content\/uploads\/2019\/03\/Moniuszki-3-3a.jpg'><img loading=\"lazy\" decoding=\"async\" width=\"150\" height=\"150\" src=\"https:\/\/twojdom-zary.pl\/wp-content\/uploads\/2019\/03\/Moniuszki-3-3a-150x150.jpg\" class=\"attachment-thumbnail size-thumbnail\" alt=\"\" srcset=\"https:\/\/twojdom-zary.pl\/wp-content\/uploads\/2019\/03\/Moniuszki-3-3a-150x150.jpg 150w, https:\/\/twojdom-zary.pl\/wp-content\/uploads\/2019\/03\/Moniuszki-3-3a-300x300.jpg 300w\" sizes=\"auto, (max-width: 150px) 100vw, 150px\" \/><\/a>\n\t\t\t<\/div><\/figure><figure class='gallery-item'>\n\t\t\t<div class='gallery-icon landscape'>\n\t\t\t\t<a data-elementor-open-lightbox=\"yes\" data-elementor-lightbox-slideshow=\"4c76c7d\" data-elementor-lightbox-title=\"S5005635\" e-action-hash=\"#elementor-action%3Aaction%3Dlightbox%26settings%3DeyJpZCI6MTk1LCJ1cmwiOiJodHRwczpcL1wvdHdvamRvbS16YXJ5LnBsXC93cC1jb250ZW50XC91cGxvYWRzXC8yMDE5XC8wM1wvUzUwMDU2MzUuanBnIiwic2xpZGVzaG93IjoiNGM3NmM3ZCJ9\" href='https:\/\/twojdom-zary.pl\/wp-content\/uploads\/2019\/03\/S5005635.jpg'><img loading=\"lazy\" decoding=\"async\" width=\"150\" height=\"150\" src=\"https:\/\/twojdom-zary.pl\/wp-content\/uploads\/2019\/03\/S5005635-150x150.jpg\" class=\"attachment-thumbnail size-thumbnail\" alt=\"\" srcset=\"https:\/\/twojdom-zary.pl\/wp-content\/uploads\/2019\/03\/S5005635-150x150.jpg 150w, https:\/\/twojdom-zary.pl\/wp-content\/uploads\/2019\/03\/S5005635-300x300.jpg 300w\" sizes=\"auto, (max-width: 150px) 100vw, 150px\" \/><\/a>\n\t\t\t<\/div><\/figure><figure class='gallery-item'>\n\t\t\t<div class='gallery-icon landscape'>\n\t\t\t\t<a data-elementor-open-lightbox=\"yes\" data-elementor-lightbox-slideshow=\"4c76c7d\" data-elementor-lightbox-title=\"S5005642\" e-action-hash=\"#elementor-action%3Aaction%3Dlightbox%26settings%3DeyJpZCI6MTk2LCJ1cmwiOiJodHRwczpcL1wvdHdvamRvbS16YXJ5LnBsXC93cC1jb250ZW50XC91cGxvYWRzXC8yMDE5XC8wM1wvUzUwMDU2NDIuanBnIiwic2xpZGVzaG93IjoiNGM3NmM3ZCJ9\" href='https:\/\/twojdom-zary.pl\/wp-content\/uploads\/2019\/03\/S5005642.jpg'><img loading=\"lazy\" decoding=\"async\" width=\"150\" height=\"150\" src=\"https:\/\/twojdom-zary.pl\/wp-content\/uploads\/2019\/03\/S5005642-150x150.jpg\" class=\"attachment-thumbnail size-thumbnail\" alt=\"\" srcset=\"https:\/\/twojdom-zary.pl\/wp-content\/uploads\/2019\/03\/S5005642-150x150.jpg 150w, https:\/\/twojdom-zary.pl\/wp-content\/uploads\/2019\/03\/S5005642-300x300.jpg 300w\" sizes=\"auto, (max-width: 150px) 100vw, 150px\" \/><\/a>\n\t\t\t<\/div><\/figure><figure class='gallery-item'>\n\t\t\t<div class='gallery-icon landscape'>\n\t\t\t\t<a data-elementor-open-lightbox=\"yes\" data-elementor-lightbox-slideshow=\"4c76c7d\" data-elementor-lightbox-title=\"S5005946\" e-action-hash=\"#elementor-action%3Aaction%3Dlightbox%26settings%3DeyJpZCI6MTk3LCJ1cmwiOiJodHRwczpcL1wvdHdvamRvbS16YXJ5LnBsXC93cC1jb250ZW50XC91cGxvYWRzXC8yMDE5XC8wM1wvUzUwMDU5NDYuanBnIiwic2xpZGVzaG93IjoiNGM3NmM3ZCJ9\" href='https:\/\/twojdom-zary.pl\/wp-content\/uploads\/2019\/03\/S5005946.jpg'><img loading=\"lazy\" decoding=\"async\" width=\"150\" height=\"150\" src=\"https:\/\/twojdom-zary.pl\/wp-content\/uploads\/2019\/03\/S5005946-150x150.jpg\" class=\"attachment-thumbnail size-thumbnail\" alt=\"\" srcset=\"https:\/\/twojdom-zary.pl\/wp-content\/uploads\/2019\/03\/S5005946-150x150.jpg 150w, https:\/\/twojdom-zary.pl\/wp-content\/uploads\/2019\/03\/S5005946-300x300.jpg 300w\" sizes=\"auto, (max-width: 150px) 100vw, 150px\" \/><\/a>\n\t\t\t<\/div><\/figure><figure class='gallery-item'>\n\t\t\t<div class='gallery-icon portrait'>\n\t\t\t\t<a data-elementor-open-lightbox=\"yes\" data-elementor-lightbox-slideshow=\"4c76c7d\" data-elementor-lightbox-title=\"S5005957\" e-action-hash=\"#elementor-action%3Aaction%3Dlightbox%26settings%3DeyJpZCI6MTk4LCJ1cmwiOiJodHRwczpcL1wvdHdvamRvbS16YXJ5LnBsXC93cC1jb250ZW50XC91cGxvYWRzXC8yMDE5XC8wM1wvUzUwMDU5NTcuanBnIiwic2xpZGVzaG93IjoiNGM3NmM3ZCJ9\" href='https:\/\/twojdom-zary.pl\/wp-content\/uploads\/2019\/03\/S5005957.jpg'><img loading=\"lazy\" decoding=\"async\" width=\"150\" height=\"150\" src=\"https:\/\/twojdom-zary.pl\/wp-content\/uploads\/2019\/03\/S5005957-150x150.jpg\" class=\"attachment-thumbnail size-thumbnail\" alt=\"\" srcset=\"https:\/\/twojdom-zary.pl\/wp-content\/uploads\/2019\/03\/S5005957-150x150.jpg 150w, https:\/\/twojdom-zary.pl\/wp-content\/uploads\/2019\/03\/S5005957-300x300.jpg 300w\" sizes=\"auto, (max-width: 150px) 100vw, 150px\" \/><\/a>\n\t\t\t<\/div><\/figure><figure class='gallery-item'>\n\t\t\t<div class='gallery-icon landscape'>\n\t\t\t\t<a data-elementor-open-lightbox=\"yes\" data-elementor-lightbox-slideshow=\"4c76c7d\" data-elementor-lightbox-title=\"S5005964\" e-action-hash=\"#elementor-action%3Aaction%3Dlightbox%26settings%3DeyJpZCI6MTk5LCJ1cmwiOiJodHRwczpcL1wvdHdvamRvbS16YXJ5LnBsXC93cC1jb250ZW50XC91cGxvYWRzXC8yMDE5XC8wM1wvUzUwMDU5NjQuanBnIiwic2xpZGVzaG93IjoiNGM3NmM3ZCJ9\" href='https:\/\/twojdom-zary.pl\/wp-content\/uploads\/2019\/03\/S5005964.jpg'><img loading=\"lazy\" decoding=\"async\" width=\"150\" height=\"150\" src=\"https:\/\/twojdom-zary.pl\/wp-content\/uploads\/2019\/03\/S5005964-150x150.jpg\" class=\"attachment-thumbnail size-thumbnail\" alt=\"\" srcset=\"https:\/\/twojdom-zary.pl\/wp-content\/uploads\/2019\/03\/S5005964-150x150.jpg 150w, https:\/\/twojdom-zary.pl\/wp-content\/uploads\/2019\/03\/S5005964-300x300.jpg 300w\" sizes=\"auto, (max-width: 150px) 100vw, 150px\" \/><\/a>\n\t\t\t<\/div><\/figure><figure class='gallery-item'>\n\t\t\t<div class='gallery-icon landscape'>\n\t\t\t\t<a data-elementor-open-lightbox=\"yes\" data-elementor-lightbox-slideshow=\"4c76c7d\" data-elementor-lightbox-title=\"S5005975\" e-action-hash=\"#elementor-action%3Aaction%3Dlightbox%26settings%3DeyJpZCI6MjAwLCJ1cmwiOiJodHRwczpcL1wvdHdvamRvbS16YXJ5LnBsXC93cC1jb250ZW50XC91cGxvYWRzXC8yMDE5XC8wM1wvUzUwMDU5NzUuanBnIiwic2xpZGVzaG93IjoiNGM3NmM3ZCJ9\" href='https:\/\/twojdom-zary.pl\/wp-content\/uploads\/2019\/03\/S5005975.jpg'><img loading=\"lazy\" decoding=\"async\" width=\"150\" height=\"150\" src=\"https:\/\/twojdom-zary.pl\/wp-content\/uploads\/2019\/03\/S5005975-150x150.jpg\" class=\"attachment-thumbnail size-thumbnail\" alt=\"\" srcset=\"https:\/\/twojdom-zary.pl\/wp-content\/uploads\/2019\/03\/S5005975-150x150.jpg 150w, https:\/\/twojdom-zary.pl\/wp-content\/uploads\/2019\/03\/S5005975-300x300.jpg 300w\" sizes=\"auto, (max-width: 150px) 100vw, 150px\" \/><\/a>\n\t\t\t<\/div><\/figure>\n\t\t<\/div>\n\t\t<\/div>\n\t\t\t\t<\/div>\n\t\t\t\t<\/div>\n\t\t\t\t\t\t<\/div>\n\t\t\t\t\t<\/div>\n\t\t<\/div>\n\t\t\t\t\t\t\t\t<\/div>\n\t\t\t\t\t<\/div>\n\t\t<\/section>\n\t\t\t\t\t\t\t\t\t<\/div>\n\t\t\t<\/div>\n\t\t\t\t\t<\/div>\n\t\t","protected":false},"excerpt":{"rendered":"<p>F U-D &#8220;TW\u00d3J DOM&#8221; Sp. z o.o. to nowa, dynamiczna firma zajmuj\u0105ca si\u0119 profesjonalnym zarz\u0105dzaniem i administrowaniem nieruchomo\u015bciami mieszkaniowymi. Specjalizujemy [&hellip;]<\/p>\n","protected":false},"author":1,"featured_media":0,"parent":0,"menu_order":0,"comment_status":"closed","ping_status":"closed","template":"","meta":{"footnotes":""},"class_list":["post-28","page","type-page","status-publish","hentry"],"_links":{"self":[{"href":"https:\/\/twojdom-zary.pl\/index.php\/wp-json\/wp\/v2\/pages\/28","targetHints":{"allow":["GET"]}}],"collection":[{"href":"https:\/\/twojdom-zary.pl\/index.php\/wp-json\/wp\/v2\/pages"}],"about":[{"href":"https:\/\/twojdom-zary.pl\/index.php\/wp-json\/wp\/v2\/types\/page"}],"author":[{"embeddable":true,"href":"https:\/\/twojdom-zary.pl\/index.php\/wp-json\/wp\/v2\/users\/1"}],"replies":[{"embeddable":true,"href":"https:\/\/twojdom-zary.pl\/index.php\/wp-json\/wp\/v2\/comments?post=28"}],"version-history":[{"count":5,"href":"https:\/\/twojdom-zary.pl\/index.php\/wp-json\/wp\/v2\/pages\/28\/revisions"}],"predecessor-version":[{"id":209,"href":"https:\/\/twojdom-zary.pl\/index.php\/wp-json\/wp\/v2\/pages\/28\/revisions\/209"}],"wp:attachment":[{"href":"https:\/\/twojdom-zary.pl\/index.php\/wp-json\/wp\/v2\/media?parent=28"}],"curies":[{"name":"wp","href":"https:\/\/api.w.org\/{rel}","templated":true}]}}