{"id":46,"date":"2019-03-06T21:38:18","date_gmt":"2019-03-06T20:38:18","guid":{"rendered":"http:\/\/test.twojdom-zary.pl\/?page_id=46"},"modified":"2019-03-08T12:26:18","modified_gmt":"2019-03-08T11:26:18","slug":"rodo","status":"publish","type":"page","link":"http:\/\/twojdom-zary.pl\/index.php\/rodo\/","title":{"rendered":"RODO"},"content":{"rendered":"\t\t<div data-elementor-type=\"wp-post\" data-elementor-id=\"46\" class=\"elementor elementor-46 elementor-bc-flex-widget\">\n\t\t\t\t\t\t<div class=\"elementor-inner\">\n\t\t\t\t<div class=\"elementor-section-wrap\">\n\t\t\t\t\t\t\t\t\t<section class=\"elementor-section elementor-top-section elementor-element elementor-element-aa2b696 elementor-section-boxed elementor-section-height-default elementor-section-height-default\" data-id=\"aa2b696\" data-element_type=\"section\">\n\t\t\t\t\t\t<div class=\"elementor-container elementor-column-gap-default\">\n\t\t\t\t\t\t\t<div class=\"elementor-row\">\n\t\t\t\t\t<div class=\"elementor-column elementor-col-100 elementor-top-column elementor-element elementor-element-6f349f0\" data-id=\"6f349f0\" data-element_type=\"column\">\n\t\t\t<div class=\"elementor-column-wrap elementor-element-populated\">\n\t\t\t\t\t\t\t<div class=\"elementor-widget-wrap\">\n\t\t\t\t\t\t<div class=\"elementor-element elementor-element-a25d7ec elementor-widget elementor-widget-image\" data-id=\"a25d7ec\" data-element_type=\"widget\" data-widget_type=\"image.default\">\n\t\t\t\t<div class=\"elementor-widget-container\">\n\t\t\t\t\t\t\t\t<div class=\"elementor-image\">\n\t\t\t\t\t\t\t\t\t\t\t\t<img decoding=\"async\" src=\"http:\/\/twojdom-zary.pl\/wp-content\/uploads\/2019\/03\/biuro.jpg\" title=\"biuro\" alt=\"biuro\" \/>\t\t\t\t\t\t\t\t\t\t\t\t\t\t<\/div>\n\t\t\t\t\t\t<\/div>\n\t\t\t\t<\/div>\n\t\t\t\t\t\t<\/div>\n\t\t\t\t\t<\/div>\n\t\t<\/div>\n\t\t\t\t\t\t\t\t<\/div>\n\t\t\t\t\t<\/div>\n\t\t<\/section>\n\t\t\t\t<section class=\"elementor-section elementor-top-section elementor-element elementor-element-4e396795 elementor-section-content-middle elementor-section-boxed elementor-section-height-default elementor-section-height-default\" data-id=\"4e396795\" data-element_type=\"section\">\n\t\t\t\t\t\t<div class=\"elementor-container elementor-column-gap-no\">\n\t\t\t\t\t\t\t<div class=\"elementor-row\">\n\t\t\t\t\t<div class=\"elementor-column elementor-col-50 elementor-top-column elementor-element elementor-element-5b1c9f13\" data-id=\"5b1c9f13\" data-element_type=\"column\">\n\t\t\t<div class=\"elementor-column-wrap elementor-element-populated\">\n\t\t\t\t\t\t\t<div class=\"elementor-widget-wrap\">\n\t\t\t\t\t\t<div class=\"elementor-element elementor-element-69bdd3e elementor-widget elementor-widget-image-gallery\" data-id=\"69bdd3e\" data-element_type=\"widget\" data-widget_type=\"image-gallery.default\">\n\t\t\t\t<div class=\"elementor-widget-container\">\n\t\t\t\t\t<div class=\"elementor-image-gallery\">\n\t\t\t<div id='gallery-1' class='gallery galleryid-46 gallery-columns-1 gallery-size-thumbnail'><figure class='gallery-item'>\n\t\t\t<div class='gallery-icon portrait'>\n\t\t\t\t<a data-elementor-open-lightbox=\"yes\" data-elementor-lightbox-slideshow=\"69bdd3e\" data-elementor-lightbox-title=\"S5005957\" e-action-hash=\"#elementor-action%3Aaction%3Dlightbox%26settings%3DeyJpZCI6MTk4LCJ1cmwiOiJodHRwOlwvXC90d29qZG9tLXphcnkucGxcL3dwLWNvbnRlbnRcL3VwbG9hZHNcLzIwMTlcLzAzXC9TNTAwNTk1Ny5qcGciLCJzbGlkZXNob3ciOiI2OWJkZDNlIn0%3D\" href='http:\/\/twojdom-zary.pl\/wp-content\/uploads\/2019\/03\/S5005957.jpg'><img loading=\"lazy\" decoding=\"async\" width=\"150\" height=\"150\" src=\"http:\/\/twojdom-zary.pl\/wp-content\/uploads\/2019\/03\/S5005957-150x150.jpg\" class=\"attachment-thumbnail size-thumbnail\" alt=\"\" srcset=\"http:\/\/twojdom-zary.pl\/wp-content\/uploads\/2019\/03\/S5005957-150x150.jpg 150w, http:\/\/twojdom-zary.pl\/wp-content\/uploads\/2019\/03\/S5005957-300x300.jpg 300w\" sizes=\"auto, (max-width: 150px) 100vw, 150px\" \/><\/a>\n\t\t\t<\/div><\/figure><figure class='gallery-item'>\n\t\t\t<div class='gallery-icon landscape'>\n\t\t\t\t<a data-elementor-open-lightbox=\"yes\" data-elementor-lightbox-slideshow=\"69bdd3e\" data-elementor-lightbox-title=\"S5005946\" e-action-hash=\"#elementor-action%3Aaction%3Dlightbox%26settings%3DeyJpZCI6MTk3LCJ1cmwiOiJodHRwOlwvXC90d29qZG9tLXphcnkucGxcL3dwLWNvbnRlbnRcL3VwbG9hZHNcLzIwMTlcLzAzXC9TNTAwNTk0Ni5qcGciLCJzbGlkZXNob3ciOiI2OWJkZDNlIn0%3D\" href='http:\/\/twojdom-zary.pl\/wp-content\/uploads\/2019\/03\/S5005946.jpg'><img loading=\"lazy\" decoding=\"async\" width=\"150\" height=\"150\" src=\"http:\/\/twojdom-zary.pl\/wp-content\/uploads\/2019\/03\/S5005946-150x150.jpg\" class=\"attachment-thumbnail size-thumbnail\" alt=\"\" srcset=\"http:\/\/twojdom-zary.pl\/wp-content\/uploads\/2019\/03\/S5005946-150x150.jpg 150w, http:\/\/twojdom-zary.pl\/wp-content\/uploads\/2019\/03\/S5005946-300x300.jpg 300w\" sizes=\"auto, (max-width: 150px) 100vw, 150px\" \/><\/a>\n\t\t\t<\/div><\/figure><figure class='gallery-item'>\n\t\t\t<div class='gallery-icon landscape'>\n\t\t\t\t<a data-elementor-open-lightbox=\"yes\" data-elementor-lightbox-slideshow=\"69bdd3e\" data-elementor-lightbox-title=\"S5005635\" e-action-hash=\"#elementor-action%3Aaction%3Dlightbox%26settings%3DeyJpZCI6MTk1LCJ1cmwiOiJodHRwOlwvXC90d29qZG9tLXphcnkucGxcL3dwLWNvbnRlbnRcL3VwbG9hZHNcLzIwMTlcLzAzXC9TNTAwNTYzNS5qcGciLCJzbGlkZXNob3ciOiI2OWJkZDNlIn0%3D\" href='http:\/\/twojdom-zary.pl\/wp-content\/uploads\/2019\/03\/S5005635.jpg'><img loading=\"lazy\" decoding=\"async\" width=\"150\" height=\"150\" src=\"http:\/\/twojdom-zary.pl\/wp-content\/uploads\/2019\/03\/S5005635-150x150.jpg\" class=\"attachment-thumbnail size-thumbnail\" alt=\"\" srcset=\"http:\/\/twojdom-zary.pl\/wp-content\/uploads\/2019\/03\/S5005635-150x150.jpg 150w, http:\/\/twojdom-zary.pl\/wp-content\/uploads\/2019\/03\/S5005635-300x300.jpg 300w\" sizes=\"auto, (max-width: 150px) 100vw, 150px\" \/><\/a>\n\t\t\t<\/div><\/figure><figure class='gallery-item'>\n\t\t\t<div class='gallery-icon landscape'>\n\t\t\t\t<a data-elementor-open-lightbox=\"yes\" data-elementor-lightbox-slideshow=\"69bdd3e\" data-elementor-lightbox-title=\"Moniuszki 3-3a\" e-action-hash=\"#elementor-action%3Aaction%3Dlightbox%26settings%3DeyJpZCI6MTk0LCJ1cmwiOiJodHRwOlwvXC90d29qZG9tLXphcnkucGxcL3dwLWNvbnRlbnRcL3VwbG9hZHNcLzIwMTlcLzAzXC9Nb25pdXN6a2ktMy0zYS5qcGciLCJzbGlkZXNob3ciOiI2OWJkZDNlIn0%3D\" href='http:\/\/twojdom-zary.pl\/wp-content\/uploads\/2019\/03\/Moniuszki-3-3a.jpg'><img loading=\"lazy\" decoding=\"async\" width=\"150\" height=\"150\" src=\"http:\/\/twojdom-zary.pl\/wp-content\/uploads\/2019\/03\/Moniuszki-3-3a-150x150.jpg\" class=\"attachment-thumbnail size-thumbnail\" alt=\"\" srcset=\"http:\/\/twojdom-zary.pl\/wp-content\/uploads\/2019\/03\/Moniuszki-3-3a-150x150.jpg 150w, http:\/\/twojdom-zary.pl\/wp-content\/uploads\/2019\/03\/Moniuszki-3-3a-300x300.jpg 300w\" sizes=\"auto, (max-width: 150px) 100vw, 150px\" \/><\/a>\n\t\t\t<\/div><\/figure><figure class='gallery-item'>\n\t\t\t<div class='gallery-icon landscape'>\n\t\t\t\t<a data-elementor-open-lightbox=\"yes\" data-elementor-lightbox-slideshow=\"69bdd3e\" data-elementor-lightbox-title=\"DSC06262\" e-action-hash=\"#elementor-action%3Aaction%3Dlightbox%26settings%3DeyJpZCI6MTkzLCJ1cmwiOiJodHRwOlwvXC90d29qZG9tLXphcnkucGxcL3dwLWNvbnRlbnRcL3VwbG9hZHNcLzIwMTlcLzAzXC9EU0MwNjI2Mi5qcGciLCJzbGlkZXNob3ciOiI2OWJkZDNlIn0%3D\" href='http:\/\/twojdom-zary.pl\/wp-content\/uploads\/2019\/03\/DSC06262.jpg'><img loading=\"lazy\" decoding=\"async\" width=\"150\" height=\"150\" src=\"http:\/\/twojdom-zary.pl\/wp-content\/uploads\/2019\/03\/DSC06262-150x150.jpg\" class=\"attachment-thumbnail size-thumbnail\" alt=\"\" srcset=\"http:\/\/twojdom-zary.pl\/wp-content\/uploads\/2019\/03\/DSC06262-150x150.jpg 150w, http:\/\/twojdom-zary.pl\/wp-content\/uploads\/2019\/03\/DSC06262-300x300.jpg 300w\" sizes=\"auto, (max-width: 150px) 100vw, 150px\" \/><\/a>\n\t\t\t<\/div><\/figure><figure class='gallery-item'>\n\t\t\t<div class='gallery-icon landscape'>\n\t\t\t\t<a data-elementor-open-lightbox=\"yes\" data-elementor-lightbox-slideshow=\"69bdd3e\" data-elementor-lightbox-title=\"DSC06260\" e-action-hash=\"#elementor-action%3Aaction%3Dlightbox%26settings%3DeyJpZCI6MTkyLCJ1cmwiOiJodHRwOlwvXC90d29qZG9tLXphcnkucGxcL3dwLWNvbnRlbnRcL3VwbG9hZHNcLzIwMTlcLzAzXC9EU0MwNjI2MC5qcGciLCJzbGlkZXNob3ciOiI2OWJkZDNlIn0%3D\" href='http:\/\/twojdom-zary.pl\/wp-content\/uploads\/2019\/03\/DSC06260.jpg'><img loading=\"lazy\" decoding=\"async\" width=\"150\" height=\"150\" src=\"http:\/\/twojdom-zary.pl\/wp-content\/uploads\/2019\/03\/DSC06260-150x150.jpg\" class=\"attachment-thumbnail size-thumbnail\" alt=\"\" srcset=\"http:\/\/twojdom-zary.pl\/wp-content\/uploads\/2019\/03\/DSC06260-150x150.jpg 150w, http:\/\/twojdom-zary.pl\/wp-content\/uploads\/2019\/03\/DSC06260-300x300.jpg 300w\" sizes=\"auto, (max-width: 150px) 100vw, 150px\" \/><\/a>\n\t\t\t<\/div><\/figure><figure class='gallery-item'>\n\t\t\t<div class='gallery-icon landscape'>\n\t\t\t\t<a data-elementor-open-lightbox=\"yes\" data-elementor-lightbox-slideshow=\"69bdd3e\" data-elementor-lightbox-title=\"DSC06248\" e-action-hash=\"#elementor-action%3Aaction%3Dlightbox%26settings%3DeyJpZCI6MTkwLCJ1cmwiOiJodHRwOlwvXC90d29qZG9tLXphcnkucGxcL3dwLWNvbnRlbnRcL3VwbG9hZHNcLzIwMTlcLzAzXC9EU0MwNjI0OC5qcGciLCJzbGlkZXNob3ciOiI2OWJkZDNlIn0%3D\" href='http:\/\/twojdom-zary.pl\/wp-content\/uploads\/2019\/03\/DSC06248.jpg'><img loading=\"lazy\" decoding=\"async\" width=\"150\" height=\"150\" src=\"http:\/\/twojdom-zary.pl\/wp-content\/uploads\/2019\/03\/DSC06248-150x150.jpg\" class=\"attachment-thumbnail size-thumbnail\" alt=\"\" srcset=\"http:\/\/twojdom-zary.pl\/wp-content\/uploads\/2019\/03\/DSC06248-150x150.jpg 150w, http:\/\/twojdom-zary.pl\/wp-content\/uploads\/2019\/03\/DSC06248-300x300.jpg 300w\" sizes=\"auto, (max-width: 150px) 100vw, 150px\" \/><\/a>\n\t\t\t<\/div><\/figure><figure class='gallery-item'>\n\t\t\t<div class='gallery-icon landscape'>\n\t\t\t\t<a data-elementor-open-lightbox=\"yes\" data-elementor-lightbox-slideshow=\"69bdd3e\" data-elementor-lightbox-title=\"DSC06256\" e-action-hash=\"#elementor-action%3Aaction%3Dlightbox%26settings%3DeyJpZCI6MTkxLCJ1cmwiOiJodHRwOlwvXC90d29qZG9tLXphcnkucGxcL3dwLWNvbnRlbnRcL3VwbG9hZHNcLzIwMTlcLzAzXC9EU0MwNjI1Ni5qcGciLCJzbGlkZXNob3ciOiI2OWJkZDNlIn0%3D\" href='http:\/\/twojdom-zary.pl\/wp-content\/uploads\/2019\/03\/DSC06256.jpg'><img loading=\"lazy\" decoding=\"async\" width=\"150\" height=\"150\" src=\"http:\/\/twojdom-zary.pl\/wp-content\/uploads\/2019\/03\/DSC06256-150x150.jpg\" class=\"attachment-thumbnail size-thumbnail\" alt=\"\" srcset=\"http:\/\/twojdom-zary.pl\/wp-content\/uploads\/2019\/03\/DSC06256-150x150.jpg 150w, http:\/\/twojdom-zary.pl\/wp-content\/uploads\/2019\/03\/DSC06256-300x300.jpg 300w\" sizes=\"auto, (max-width: 150px) 100vw, 150px\" \/><\/a>\n\t\t\t<\/div><\/figure><figure class='gallery-item'>\n\t\t\t<div class='gallery-icon landscape'>\n\t\t\t\t<a data-elementor-open-lightbox=\"yes\" data-elementor-lightbox-slideshow=\"69bdd3e\" data-elementor-lightbox-title=\"20170420_102529\" e-action-hash=\"#elementor-action%3Aaction%3Dlightbox%26settings%3DeyJpZCI6MTg5LCJ1cmwiOiJodHRwOlwvXC90d29qZG9tLXphcnkucGxcL3dwLWNvbnRlbnRcL3VwbG9hZHNcLzIwMTlcLzAzXC8yMDE3MDQyMF8xMDI1MjkuanBnIiwic2xpZGVzaG93IjoiNjliZGQzZSJ9\" href='http:\/\/twojdom-zary.pl\/wp-content\/uploads\/2019\/03\/20170420_102529.jpg'><img loading=\"lazy\" decoding=\"async\" width=\"150\" height=\"150\" src=\"http:\/\/twojdom-zary.pl\/wp-content\/uploads\/2019\/03\/20170420_102529-150x150.jpg\" class=\"attachment-thumbnail size-thumbnail\" alt=\"\" srcset=\"http:\/\/twojdom-zary.pl\/wp-content\/uploads\/2019\/03\/20170420_102529-150x150.jpg 150w, http:\/\/twojdom-zary.pl\/wp-content\/uploads\/2019\/03\/20170420_102529-300x300.jpg 300w\" sizes=\"auto, (max-width: 150px) 100vw, 150px\" \/><\/a>\n\t\t\t<\/div><\/figure><figure class='gallery-item'>\n\t\t\t<div class='gallery-icon landscape'>\n\t\t\t\t<a data-elementor-open-lightbox=\"yes\" data-elementor-lightbox-slideshow=\"69bdd3e\" data-elementor-lightbox-title=\"20170420_095827\" e-action-hash=\"#elementor-action%3Aaction%3Dlightbox%26settings%3DeyJpZCI6MTg4LCJ1cmwiOiJodHRwOlwvXC90d29qZG9tLXphcnkucGxcL3dwLWNvbnRlbnRcL3VwbG9hZHNcLzIwMTlcLzAzXC8yMDE3MDQyMF8wOTU4MjcuanBnIiwic2xpZGVzaG93IjoiNjliZGQzZSJ9\" href='http:\/\/twojdom-zary.pl\/wp-content\/uploads\/2019\/03\/20170420_095827.jpg'><img loading=\"lazy\" decoding=\"async\" width=\"150\" height=\"150\" src=\"http:\/\/twojdom-zary.pl\/wp-content\/uploads\/2019\/03\/20170420_095827-150x150.jpg\" class=\"attachment-thumbnail size-thumbnail\" alt=\"\" srcset=\"http:\/\/twojdom-zary.pl\/wp-content\/uploads\/2019\/03\/20170420_095827-150x150.jpg 150w, http:\/\/twojdom-zary.pl\/wp-content\/uploads\/2019\/03\/20170420_095827-300x300.jpg 300w\" sizes=\"auto, (max-width: 150px) 100vw, 150px\" \/><\/a>\n\t\t\t<\/div><\/figure><figure class='gallery-item'>\n\t\t\t<div class='gallery-icon landscape'>\n\t\t\t\t<a data-elementor-open-lightbox=\"yes\" data-elementor-lightbox-slideshow=\"69bdd3e\" data-elementor-lightbox-title=\"20170419_141251\" e-action-hash=\"#elementor-action%3Aaction%3Dlightbox%26settings%3DeyJpZCI6MTg3LCJ1cmwiOiJodHRwOlwvXC90d29qZG9tLXphcnkucGxcL3dwLWNvbnRlbnRcL3VwbG9hZHNcLzIwMTlcLzAzXC8yMDE3MDQxOV8xNDEyNTEuanBnIiwic2xpZGVzaG93IjoiNjliZGQzZSJ9\" href='http:\/\/twojdom-zary.pl\/wp-content\/uploads\/2019\/03\/20170419_141251.jpg'><img loading=\"lazy\" decoding=\"async\" width=\"150\" height=\"150\" src=\"http:\/\/twojdom-zary.pl\/wp-content\/uploads\/2019\/03\/20170419_141251-150x150.jpg\" class=\"attachment-thumbnail size-thumbnail\" alt=\"\" srcset=\"http:\/\/twojdom-zary.pl\/wp-content\/uploads\/2019\/03\/20170419_141251-150x150.jpg 150w, http:\/\/twojdom-zary.pl\/wp-content\/uploads\/2019\/03\/20170419_141251-300x300.jpg 300w\" sizes=\"auto, (max-width: 150px) 100vw, 150px\" \/><\/a>\n\t\t\t<\/div><\/figure><figure class='gallery-item'>\n\t\t\t<div class='gallery-icon landscape'>\n\t\t\t\t<a data-elementor-open-lightbox=\"yes\" data-elementor-lightbox-slideshow=\"69bdd3e\" data-elementor-lightbox-title=\"27\" e-action-hash=\"#elementor-action%3Aaction%3Dlightbox%26settings%3DeyJpZCI6MTg0LCJ1cmwiOiJodHRwOlwvXC90d29qZG9tLXphcnkucGxcL3dwLWNvbnRlbnRcL3VwbG9hZHNcLzIwMTlcLzAzXC8yNy5qcGciLCJzbGlkZXNob3ciOiI2OWJkZDNlIn0%3D\" href='http:\/\/twojdom-zary.pl\/wp-content\/uploads\/2019\/03\/27.jpg'><img loading=\"lazy\" decoding=\"async\" width=\"150\" height=\"150\" src=\"http:\/\/twojdom-zary.pl\/wp-content\/uploads\/2019\/03\/27-150x150.jpg\" class=\"attachment-thumbnail size-thumbnail\" alt=\"\" srcset=\"http:\/\/twojdom-zary.pl\/wp-content\/uploads\/2019\/03\/27-150x150.jpg 150w, http:\/\/twojdom-zary.pl\/wp-content\/uploads\/2019\/03\/27-300x300.jpg 300w\" sizes=\"auto, (max-width: 150px) 100vw, 150px\" \/><\/a>\n\t\t\t<\/div><\/figure>\n\t\t<\/div>\n\t\t<\/div>\n\t\t\t\t<\/div>\n\t\t\t\t<\/div>\n\t\t\t\t\t\t<\/div>\n\t\t\t\t\t<\/div>\n\t\t<\/div>\n\t\t\t\t<div class=\"elementor-column elementor-col-50 elementor-top-column elementor-element elementor-element-36c7d124\" data-id=\"36c7d124\" data-element_type=\"column\">\n\t\t\t<div class=\"elementor-column-wrap elementor-element-populated\">\n\t\t\t\t\t\t\t<div class=\"elementor-widget-wrap\">\n\t\t\t\t\t\t<div class=\"elementor-element elementor-element-38c14f34 elementor-widget elementor-widget-heading\" data-id=\"38c14f34\" data-element_type=\"widget\" data-widget_type=\"heading.default\">\n\t\t\t\t<div class=\"elementor-widget-container\">\n\t\t\t<h4 class=\"elementor-heading-title elementor-size-default\">RODO<\/h4>\t\t<\/div>\n\t\t\t\t<\/div>\n\t\t\t\t<div class=\"elementor-element elementor-element-563396d3 elementor-widget elementor-widget-text-editor\" data-id=\"563396d3\" data-element_type=\"widget\" data-widget_type=\"text-editor.default\">\n\t\t\t\t<div class=\"elementor-widget-container\">\n\t\t\t\t\t\t\t\t<div class=\"elementor-text-editor elementor-clearfix\">\n\t\t\t\t<p>Realizuj\u0105c art. 13 ust. 1 i ust.2 Rozporz\u0105dzenia Og\u00f3lnego o Ochronie Danych Osobowych z dnia 27 kwietnia 2016r (UE 2016\/679) zwanego dalej Rozporz\u0105dzeniem,&nbsp;<span style=\"font-family: Roboto, sans-serif; font-size: 16px; font-style: normal; font-weight: 300;\">Firma Us\u0142ugowo Doradcza &#8220;Tw\u00f3j Dom&#8221; sp z o.o. z siedzib\u0105 w \u017barach ul. Bohater\u00f3w Getta 9.<\/span>&nbsp;informuje, \u017ce:<\/p>\n<p>1. Administratorem danych osobowych jest Firma Us\u0142ugowo Doradcza &#8220;Tw\u00f3j Dom&#8221; sp z o.o. z siedzib\u0105 w \u017barach ul. Bohater\u00f3w Getta 9, 68-200 \u017bary.<\/p>\n<p>2. Inspektorem Ochrony Danych jest Rados\u0142aw Sobieraj, e-mail iod@ragacom.pl, tel. 607 307 046.<\/p>\n<p>3. Pani\/Pana dane osobowe przetwarzane b\u0119d\u0105 w celu realizacji ustawowych zada\u0144 zwi\u0105zanych z zarz\u0105dzaniem nieruchomo\u015bci &#8211; na podstawie Art. 6 ust. 1 lit. c og\u00f3lnego rozporz\u0105dzenia o ochronie danych osobowych z dnia 27 kwietnia 2016 r. oraz na podstawie Art. 9 ust.1 lit. g og\u00f3lnego rozporz\u0105dzenia o ochronie danych osobowych z dnia 27 kwietnia 2016 r.&nbsp;<\/p>\n<p>4. Odbiorcami Pani\/Pana danych osobowych b\u0119d\u0105 wy\u0142\u0105cznie podmioty uprawnione do uzyskania danych osobowych na podstawie przepis\u00f3w prawa.<\/p>\n<p>5. Pani\/Pana dane osobowe przechowywane b\u0119d\u0105 w czasie okre\u015blonym przepisami prawa, zgodnie z instrukcj\u0105 kancelaryjn\u0105.<\/p>\n<p>6. Posiada Pani\/Pan prawo \u017c\u0105dania od administratora dost\u0119pu do danych osobowych, prawo do ich sprostowania, usuni\u0119cia lub ograniczenia przetwarzania, prawo do wniesienia sprzeciwu wobec przetwarzania, prawo do przenoszenia danych, prawo do cofni\u0119cia zgody w dowolnym momencie.<\/p>\n<p>7. Ma Pani\/Pan prawo wniesienia skargi do organu nadzorczego.<\/p>\n<p>8. Administrator w niekt\u00f3rych sytuacjach b\u0119dzie przekazywa\u0142 dane osobowe, je\u015bli b\u0119dzie to konieczne, do wykonania us\u0142ugi. Odbiorcami danych osobowych b\u0119d\u0105 tylko podmioty uprawnione na podstawie przepis\u00f3w prawa. Kategorie odbiorc\u00f3w s\u0105 \u015bci\u015ble zwi\u0105zane z profilem dzia\u0142alno\u015bci firmy polegaj\u0105cym na administrowaniu nieruchomo\u015bciami. B\u0119d\u0105 to firmy zajmuj\u0105ce si\u0119 m.in. wywozem \u015bmieci, pracami budowlano-monta\u017cowymi, dostarczaniem medi\u00f3w, tworzeniem system\u00f3w informatycznych do obs\u0142ugi firmy, itp.<\/p>\n<p>9. Administrator Danych, deklaruje, \u017ce nie przekazuje i nie zamierza przekazywa\u0107 danych osobowych do pa\u0144stwa trzeciego.<\/p>\n<p>10. Administrator nie profiluje danych osobowych.<\/p>\t\t\t\t\t<\/div>\n\t\t\t\t\t\t<\/div>\n\t\t\t\t<\/div>\n\t\t\t\t\t\t<\/div>\n\t\t\t\t\t<\/div>\n\t\t<\/div>\n\t\t\t\t\t\t\t\t<\/div>\n\t\t\t\t\t<\/div>\n\t\t<\/section>\n\t\t\t\t\t\t\t\t\t<\/div>\n\t\t\t<\/div>\n\t\t\t\t\t<\/div>\n\t\t","protected":false},"excerpt":{"rendered":"<p>RODO Realizuj\u0105c art. 13 ust. 1 i ust.2 Rozporz\u0105dzenia Og\u00f3lnego o Ochronie Danych Osobowych z dnia 27 kwietnia 2016r (UE [&hellip;]<\/p>\n","protected":false},"author":1,"featured_media":0,"parent":0,"menu_order":0,"comment_status":"closed","ping_status":"closed","template":"","meta":{"footnotes":""},"class_list":["post-46","page","type-page","status-publish","hentry"],"_links":{"self":[{"href":"http:\/\/twojdom-zary.pl\/index.php\/wp-json\/wp\/v2\/pages\/46","targetHints":{"allow":["GET"]}}],"collection":[{"href":"http:\/\/twojdom-zary.pl\/index.php\/wp-json\/wp\/v2\/pages"}],"about":[{"href":"http:\/\/twojdom-zary.pl\/index.php\/wp-json\/wp\/v2\/types\/page"}],"author":[{"embeddable":true,"href":"http:\/\/twojdom-zary.pl\/index.php\/wp-json\/wp\/v2\/users\/1"}],"replies":[{"embeddable":true,"href":"http:\/\/twojdom-zary.pl\/index.php\/wp-json\/wp\/v2\/comments?post=46"}],"version-history":[{"count":3,"href":"http:\/\/twojdom-zary.pl\/index.php\/wp-json\/wp\/v2\/pages\/46\/revisions"}],"predecessor-version":[{"id":227,"href":"http:\/\/twojdom-zary.pl\/index.php\/wp-json\/wp\/v2\/pages\/46\/revisions\/227"}],"wp:attachment":[{"href":"http:\/\/twojdom-zary.pl\/index.php\/wp-json\/wp\/v2\/media?parent=46"}],"curies":[{"name":"wp","href":"https:\/\/api.w.org\/{rel}","templated":true}]}}